{"id":101,"date":"2024-08-05T12:00:52","date_gmt":"2024-08-05T12:00:52","guid":{"rendered":"https:\/\/bimakgida.com.tr\/en\/?page_id=101"},"modified":"2024-11-27T12:10:20","modified_gmt":"2024-11-27T12:10:20","slug":"contact-us","status":"publish","type":"page","link":"https:\/\/bimakgida.com.tr\/en\/contact-us\/","title":{"rendered":"CONTACT US"},"content":{"rendered":"<p><center>Bimak G\u0131da Maddeleri \u0130\u00e7 ve D\u0131\u015f Tic. A.\u015e.<br \/>\n+90850 222 68 80<\/p>\n<p>S\u0131rap\u0131nar Mah. C\u00f6mert Sok. No:2<br \/>\n\u00c7ekmek\u00f6y \/ \u0130stanbul<\/center><\/p>\n","protected":false},"excerpt":{"rendered":"<p>Bimak G\u0131da Maddeleri \u0130\u00e7 ve D\u0131\u015f Tic. A.\u015e. +90850 222 68 80 S\u0131rap\u0131nar Mah. C\u00f6mert Sok. No:2 \u00c7ekmek\u00f6y \/ \u0130stanbul<\/p>\n","protected":false},"author":1,"featured_media":0,"parent":0,"menu_order":0,"comment_status":"closed","ping_status":"closed","template":"","meta":{"footnotes":""},"class_list":["post-101","page","type-page","status-publish","hentry"],"_links":{"self":[{"href":"https:\/\/bimakgida.com.tr\/en\/wp-json\/wp\/v2\/pages\/101","targetHints":{"allow":["GET"]}}],"collection":[{"href":"https:\/\/bimakgida.com.tr\/en\/wp-json\/wp\/v2\/pages"}],"about":[{"href":"https:\/\/bimakgida.com.tr\/en\/wp-json\/wp\/v2\/types\/page"}],"author":[{"embeddable":true,"href":"https:\/\/bimakgida.com.tr\/en\/wp-json\/wp\/v2\/users\/1"}],"replies":[{"embeddable":true,"href":"https:\/\/bimakgida.com.tr\/en\/wp-json\/wp\/v2\/comments?post=101"}],"version-history":[{"count":3,"href":"https:\/\/bimakgida.com.tr\/en\/wp-json\/wp\/v2\/pages\/101\/revisions"}],"predecessor-version":[{"id":186,"href":"https:\/\/bimakgida.com.tr\/en\/wp-json\/wp\/v2\/pages\/101\/revisions\/186"}],"wp:attachment":[{"href":"https:\/\/bimakgida.com.tr\/en\/wp-json\/wp\/v2\/media?parent=101"}],"curies":[{"name":"wp","href":"https:\/\/api.w.org\/{rel}","templated":true}]}}